{"id":2761,"date":"2026-04-13T13:08:51","date_gmt":"2026-04-13T17:08:51","guid":{"rendered":"https:\/\/www.digitalnutrients.com\/?page_id=2761"},"modified":"2026-04-13T13:13:12","modified_gmt":"2026-04-13T17:13:12","slug":"b1","status":"publish","type":"page","link":"https:\/\/www.digitalnutrients.com\/ar\/english-for-turkish-speakers\/b1\/","title":{"rendered":"B1 English for Turkish Speakers"},"content":{"rendered":"<div data-elementor-type=\"wp-page\" data-elementor-id=\"2761\" class=\"elementor elementor-2761\" data-elementor-post-type=\"page\">\n\t\t\t\t<div data-particle_enable=\"false\" data-particle-mobile-disabled=\"false\" class=\"elementor-element elementor-element-c49bf46 e-flex e-con-boxed e-con e-parent\" data-id=\"c49bf46\" data-element_type=\"container\" data-e-type=\"container\">\n\t\t\t\t\t<div class=\"e-con-inner\">\n\t\t\t\t<div class=\"elementor-element elementor-element-1b20fd2 elementor-widget elementor-widget-heading\" data-id=\"1b20fd2\" data-element_type=\"widget\" data-e-type=\"widget\" data-widget_type=\"heading.default\">\n\t\t\t\t\t<h2 class=\"elementor-heading-title elementor-size-default\">B1 English for Turkish Speakers<\/h2>\t\t\t\t<\/div>\n\t\t\t\t<div class=\"elementor-element elementor-element-cfda936 elementor-widget elementor-widget-text-editor\" data-id=\"cfda936\" data-element_type=\"widget\" data-e-type=\"widget\" data-widget_type=\"text-editor.default\">\n\t\t\t\t\t\t\t\t\t<p>Learn step by step with intermediate-friendly English lessons, clear audio practice, and Arabic support to help you feel more confident.<\/p>\t\t\t\t\t\t\t\t<\/div>\n\t\t\t\t<div class=\"elementor-element elementor-element-b223489 elementor-icon-list--layout-traditional elementor-list-item-link-full_width elementor-widget elementor-widget-icon-list\" data-id=\"b223489\" data-element_type=\"widget\" data-e-type=\"widget\" data-widget_type=\"icon-list.default\">\n\t\t\t\t\t\t\t<ul class=\"elementor-icon-list-items\">\n\t\t\t\t\t\t\t<li class=\"elementor-icon-list-item\">\n\t\t\t\t\t\t\t\t\t\t<span class=\"elementor-icon-list-text\">Level: B1<\/span>\n\t\t\t\t\t\t\t\t\t<\/li>\n\t\t\t\t\t\t\t\t<li class=\"elementor-icon-list-item\">\n\t\t\t\t\t\t\t\t\t\t<span class=\"elementor-icon-list-text\">Focus: Speaking, Listening, Vocabulary<\/span>\n\t\t\t\t\t\t\t\t\t<\/li>\n\t\t\t\t\t\t\t\t<li class=\"elementor-icon-list-item\">\n\t\t\t\t\t\t\t\t\t\t<span class=\"elementor-icon-list-text\">Best for: Intermediate Level<\/span>\n\t\t\t\t\t\t\t\t\t<\/li>\n\t\t\t\t\t\t<\/ul>\n\t\t\t\t\t\t<\/div>\n\t\t\t\t<div class=\"elementor-element elementor-element-541af7b elementor-widget elementor-widget-button\" data-id=\"541af7b\" data-element_type=\"widget\" data-e-type=\"widget\" data-widget_type=\"button.default\">\n\t\t\t\t\t\t\t\t\t\t<a class=\"elementor-button elementor-button-link elementor-size-sm\" href=\"#featured-lesson\">\n\t\t\t\t\t\t<span class=\"elementor-button-content-wrapper\">\n\t\t\t\t\t\t\t\t\t<span class=\"elementor-button-text\">Start the Lesson<\/span>\n\t\t\t\t\t<\/span>\n\t\t\t\t\t<\/a>\n\t\t\t\t\t\t\t\t<\/div>\n\t\t\t\t\t<\/div>\n\t\t\t\t<\/div>\n\t\t<div data-particle_enable=\"false\" data-particle-mobile-disabled=\"false\" class=\"elementor-element elementor-element-8a17423 e-flex e-con-boxed e-con e-parent\" data-id=\"8a17423\" data-element_type=\"container\" data-e-type=\"container\">\n\t\t\t\t\t<div class=\"e-con-inner\">\n\t\t\t\t<div class=\"elementor-element elementor-element-3a25672 elementor-widget elementor-widget-heading\" data-id=\"3a25672\" data-element_type=\"widget\" data-e-type=\"widget\" data-widget_type=\"heading.default\">\n\t\t\t\t\t<h2 class=\"elementor-heading-title elementor-size-default\">What You Will Learn at This Level<\/h2>\t\t\t\t<\/div>\n\t\t\t\t<div class=\"elementor-element elementor-element-cf19df8 elementor-widget elementor-widget-text-editor\" data-id=\"cf19df8\" data-element_type=\"widget\" data-e-type=\"widget\" data-widget_type=\"text-editor.default\">\n\t\t\t\t\t\t\t\t\t<p>At the B1 level, you will practice more natural English for everyday conversations, work, study, and common life situations. You will learn how to express your thoughts more clearly, ask better follow-up questions, understand longer conversations, and speak with more confidence in real situations.<\/p>\t\t\t\t\t\t\t\t<\/div>\n\t\t\t\t\t<\/div>\n\t\t\t\t<\/div>\n\t\t<div data-particle_enable=\"false\" data-particle-mobile-disabled=\"false\" class=\"elementor-element elementor-element-29beee3 e-flex e-con-boxed e-con e-parent\" data-id=\"29beee3\" data-element_type=\"container\" data-e-type=\"container\" id=\"featured-lesson\">\n\t\t\t\t\t<div class=\"e-con-inner\">\n\t\t\t\t<div class=\"elementor-element elementor-element-b28dc07 elementor-widget elementor-widget-heading\" data-id=\"b28dc07\" data-element_type=\"widget\" data-e-type=\"widget\" data-widget_type=\"heading.default\">\n\t\t\t\t\t<h2 class=\"elementor-heading-title elementor-size-default\">Featured Lesson<\/h2>\t\t\t\t<\/div>\n\t\t\t\t<div class=\"elementor-element elementor-element-09ac698 elementor-widget elementor-widget-heading\" data-id=\"09ac698\" data-element_type=\"widget\" data-e-type=\"widget\" data-widget_type=\"heading.default\">\n\t\t\t\t\t<h3 class=\"elementor-heading-title elementor-size-default\">B1 \u2013 First Free Lesson: Sharing Opinions &amp; Real-Life Conversations<\/h3>\t\t\t\t<\/div>\n\t\t\t\t<div class=\"elementor-element elementor-element-a276c1a elementor-widget elementor-widget-text-editor\" data-id=\"a276c1a\" data-element_type=\"widget\" data-e-type=\"widget\" data-widget_type=\"text-editor.default\">\n\t\t\t\t\t\t\t\t\t<p>Learn how to express your opinions and have fuller conversations in simple English.<\/p>\t\t\t\t\t\t\t\t<\/div>\n\t\t\t\t<div class=\"elementor-element elementor-element-e2772d3 elementor-widget elementor-widget-heading\" data-id=\"e2772d3\" data-element_type=\"widget\" data-e-type=\"widget\" data-widget_type=\"heading.default\">\n\t\t\t\t\t<h2 class=\"elementor-heading-title elementor-size-default\">Video coming soon!!!\n<\/h2>\t\t\t\t<\/div>\n\t\t\t\t\t<\/div>\n\t\t\t\t<\/div>\n\t\t<div data-particle_enable=\"false\" data-particle-mobile-disabled=\"false\" class=\"elementor-element elementor-element-6b15ce3 e-flex e-con-boxed e-con e-parent\" data-id=\"6b15ce3\" data-element_type=\"container\" data-e-type=\"container\">\n\t\t\t\t\t<div class=\"e-con-inner\">\n\t\t<div data-particle_enable=\"false\" data-particle-mobile-disabled=\"false\" class=\"elementor-element elementor-element-04cbf8c e-con-full e-flex e-con e-child\" data-id=\"04cbf8c\" data-element_type=\"container\" data-e-type=\"container\">\n\t\t\t\t<div class=\"elementor-element elementor-element-314b437 elementor-widget elementor-widget-heading\" data-id=\"314b437\" data-element_type=\"widget\" data-e-type=\"widget\" data-widget_type=\"heading.default\">\n\t\t\t\t\t<h2 class=\"elementor-heading-title elementor-size-default\">Audio Practice<\/h2>\t\t\t\t<\/div>\n\t\t\t\t<div class=\"elementor-element elementor-element-dabc070 elementor-widget elementor-widget-text-editor\" data-id=\"dabc070\" data-element_type=\"widget\" data-e-type=\"widget\" data-widget_type=\"text-editor.default\">\n\t\t\t\t\t\t\t\t\t<p>Listen once, then listen again and repeat out loud. You do not need to be perfect. The goal is to get more comfortable each time.<\/p>\t\t\t\t\t\t\t\t<\/div>\n\t\t<div data-particle_enable=\"false\" data-particle-mobile-disabled=\"false\" class=\"elementor-element elementor-element-734b1e7 e-con-full e-flex e-con e-child\" data-id=\"734b1e7\" data-element_type=\"container\" data-e-type=\"container\" data-settings=\"{&quot;background_background&quot;:&quot;classic&quot;}\">\n\t\t\t\t<div class=\"elementor-element elementor-element-3badbe9 elementor-widget elementor-widget-heading\" data-id=\"3badbe9\" data-element_type=\"widget\" data-e-type=\"widget\" data-widget_type=\"heading.default\">\n\t\t\t\t\t<h4 class=\"elementor-heading-title elementor-size-default\">Full Lesson Audio<\/h4>\t\t\t\t<\/div>\n\t\t\t\t<div class=\"elementor-element elementor-element-f8e152f elementor-widget elementor-widget-text-editor\" data-id=\"f8e152f\" data-element_type=\"widget\" data-e-type=\"widget\" data-widget_type=\"text-editor.default\">\n\t\t\t\t\t\t\t\t\t<p>Listen to the full lesson at a natural pace.<\/p>\t\t\t\t\t\t\t\t<\/div>\n\t\t\t\t<div class=\"elementor-element elementor-element-97e4e5e elementor-widget elementor-widget-html\" data-id=\"97e4e5e\" data-element_type=\"widget\" data-e-type=\"widget\" data-widget_type=\"html.default\">\n\t\t\t\t\t<audio controls preload=\"none\" style=\"width: 100%;\">\n  <source src=\"https:\/\/www.digitalnutrients.com\/wp-content\/uploads\/2026\/04\/ElevenLabs_turkish-b1-lesson-01-full.mp3\" type=\"audio\/mpeg\">\n  Your browser does not support the audio element.\n<\/audio>\t\t\t\t<\/div>\n\t\t\t\t<\/div>\n\t\t<div data-particle_enable=\"false\" data-particle-mobile-disabled=\"false\" class=\"elementor-element elementor-element-6825703 e-con-full e-flex e-con e-child\" data-id=\"6825703\" data-element_type=\"container\" data-e-type=\"container\" data-settings=\"{&quot;background_background&quot;:&quot;classic&quot;}\">\n\t\t\t\t<div class=\"elementor-element elementor-element-fd19034 elementor-widget elementor-widget-heading\" data-id=\"fd19034\" data-element_type=\"widget\" data-e-type=\"widget\" data-widget_type=\"heading.default\">\n\t\t\t\t\t<h4 class=\"elementor-heading-title elementor-size-default\">Vocabulary Audio<\/h4>\t\t\t\t<\/div>\n\t\t\t\t<div class=\"elementor-element elementor-element-7bca862 elementor-widget elementor-widget-text-editor\" data-id=\"7bca862\" data-element_type=\"widget\" data-e-type=\"widget\" data-widget_type=\"text-editor.default\">\n\t\t\t\t\t\t\t\t\t<p>Listen to the full lesson at a natural pace.<\/p>\t\t\t\t\t\t\t\t<\/div>\n\t\t\t\t<div class=\"elementor-element elementor-element-5aef023 elementor-widget elementor-widget-html\" data-id=\"5aef023\" data-element_type=\"widget\" data-e-type=\"widget\" data-widget_type=\"html.default\">\n\t\t\t\t\t<audio controls preload=\"none\" style=\"width: 100%;\">\n  <source src=\"https:\/\/www.digitalnutrients.com\/wp-content\/uploads\/2026\/04\/ElevenLabs_turkish-b1-lesson-01-vocab.mp3\" type=\"audio\/mpeg\">\n  Your browser does not support the audio element.\n<\/audio>\t\t\t\t<\/div>\n\t\t\t\t<\/div>\n\t\t<div data-particle_enable=\"false\" data-particle-mobile-disabled=\"false\" class=\"elementor-element elementor-element-dcee701 e-con-full e-flex e-con e-child\" data-id=\"dcee701\" data-element_type=\"container\" data-e-type=\"container\" data-settings=\"{&quot;background_background&quot;:&quot;classic&quot;}\">\n\t\t\t\t<div class=\"elementor-element elementor-element-d333a6b elementor-widget elementor-widget-heading\" data-id=\"d333a6b\" data-element_type=\"widget\" data-e-type=\"widget\" data-widget_type=\"heading.default\">\n\t\t\t\t\t<h4 class=\"elementor-heading-title elementor-size-default\">Dialogue Audio<\/h4>\t\t\t\t<\/div>\n\t\t\t\t<div class=\"elementor-element elementor-element-3e7ce29 elementor-widget elementor-widget-text-editor\" data-id=\"3e7ce29\" data-element_type=\"widget\" data-e-type=\"widget\" data-widget_type=\"text-editor.default\">\n\t\t\t\t\t\t\t\t\t<p>Listen to the full lesson at a natural pace.<\/p>\t\t\t\t\t\t\t\t<\/div>\n\t\t\t\t<div class=\"elementor-element elementor-element-7f6c71d elementor-widget elementor-widget-html\" data-id=\"7f6c71d\" data-element_type=\"widget\" data-e-type=\"widget\" data-widget_type=\"html.default\">\n\t\t\t\t\t<audio controls preload=\"none\" style=\"width: 100%;\">\n  <source src=\"https:\/\/www.digitalnutrients.com\/wp-content\/uploads\/2026\/04\/ElevenLabs_turkish-b1-lesson-01-dialogue.mp3\" type=\"audio\/mpeg\">\n  Your browser does not support the audio element.\n<\/audio>\t\t\t\t<\/div>\n\t\t\t\t<\/div>\n\t\t\t\t<\/div>\n\t\t<div data-particle_enable=\"false\" data-particle-mobile-disabled=\"false\" class=\"elementor-element elementor-element-39f6afc e-con-full e-flex e-con e-child\" data-id=\"39f6afc\" data-element_type=\"container\" data-e-type=\"container\">\n\t\t\t\t<div class=\"elementor-element elementor-element-96cb66b elementor-widget elementor-widget-heading\" data-id=\"96cb66b\" data-element_type=\"widget\" data-e-type=\"widget\" data-widget_type=\"heading.default\">\n\t\t\t\t\t<h2 class=\"elementor-heading-title elementor-size-default\">\u0627\u0644\u0645\u0641\u0631\u062f\u0627\u062a \u0627\u0644\u0631\u0626\u064a\u0633\u064a\u0629<\/h2>\t\t\t\t<\/div>\n\t\t\t\t<div class=\"elementor-element elementor-element-09fdd2b elementor-widget elementor-widget-text-editor\" data-id=\"09fdd2b\" data-element_type=\"widget\" data-e-type=\"widget\" data-widget_type=\"text-editor.default\">\n\t\t\t\t\t\t\t\t\t<p>Practice these words slowly first, then say them again at a more natural speed.<\/p>\t\t\t\t\t\t\t\t<\/div>\n\t\t<div data-particle_enable=\"false\" data-particle-mobile-disabled=\"false\" class=\"elementor-element elementor-element-21b5fb3 e-con-full e-flex e-con e-child\" data-id=\"21b5fb3\" data-element_type=\"container\" data-e-type=\"container\">\n\t\t\t\t<div class=\"elementor-element elementor-element-1b52027 elementor-widget elementor-widget-text-editor\" data-id=\"1b52027\" data-element_type=\"widget\" data-e-type=\"widget\" data-widget_type=\"text-editor.default\">\n\t\t\t\t\t\t\t\t\t<p>Introduction<\/p><p>Welcome to English for Turkish Speakers.<br \/>In this lesson, you will learn Work, Goals, and Daily Responsibilities.<\/p><p>Core Phrases<\/p><p>I usually start work at nine.<br \/>I am responsible for the weekly report.<br \/>I need to finish this task today.<br \/>My goal is to improve my English at work.<br \/>I sometimes work with a team.<\/p><p>Support<\/p><p>I usually start work at nine. means Genellikle saat dokuzda i\u015fe ba\u015flar\u0131m.<br \/>I am responsible for the weekly report. means Haftal\u0131k rapordan ben sorumluyum.<br \/>I need to finish this task today. means Bu g\u00f6revi bug\u00fcn bitirmem gerekiyor.<br \/>My goal is to improve my English at work. means \u0130\u015fimde \u0130ngilizcemi geli\u015ftirmek hedefimdir.<br \/>I sometimes work with a team. means Bazen bir ekiple \u00e7al\u0131\u015f\u0131r\u0131m.<\/p><p>Dialogue<\/p><p>What are you working on this week?<br \/>I am finishing a report and helping my team prepare for a meeting.<br \/>That sounds busy, but it is a good chance to practice English.<\/p><p>Practice Tip<\/p><p>Listen to the audio and repeat the phrases several times.&#8221;<\/p>\t\t\t\t\t\t\t\t<\/div>\n\t\t\t\t<\/div>\n\t\t\t\t<\/div>\n\t\t\t\t\t<\/div>\n\t\t\t\t<\/div>\n\t\t<div data-particle_enable=\"false\" data-particle-mobile-disabled=\"false\" class=\"elementor-element elementor-element-09fe164 e-flex e-con-boxed e-con e-parent\" data-id=\"09fe164\" data-element_type=\"container\" data-e-type=\"container\">\n\t\t\t\t\t<div class=\"e-con-inner\">\n\t\t\t\t<div class=\"elementor-element elementor-element-07fe598 elementor-widget elementor-widget-heading\" data-id=\"07fe598\" data-element_type=\"widget\" data-e-type=\"widget\" data-widget_type=\"heading.default\">\n\t\t\t\t\t<h2 class=\"elementor-heading-title elementor-size-default\">\u062e\u0637\u0648\u0627\u062a \u0639\u0645\u0644\u064a\u0629<\/h2>\t\t\t\t<\/div>\n\t\t\t\t<div class=\"elementor-element elementor-element-0eec078 elementor-widget elementor-widget-text-editor\" data-id=\"0eec078\" data-element_type=\"widget\" data-e-type=\"widget\" data-widget_type=\"text-editor.default\">\n\t\t\t\t\t\t\t\t\t<ol><li data-section-id=\"ycahs9\" data-start=\"8954\" data-end=\"8996\">Watch the video once without pausing.<\/li><li data-section-id=\"1pyvim0\" data-start=\"8997\" data-end=\"9054\">Listen to the audio and repeat each phrase out loud.<\/li><li data-section-id=\"snjy7g\" data-start=\"9055\" data-end=\"9091\">Practice the vocabulary slowly.<\/li><li data-section-id=\"1xsigv7\" data-start=\"9092\" data-end=\"9144\">Record yourself and compare your pronunciation.<\/li><li data-section-id=\"11w3ic4\" data-start=\"9145\" data-end=\"9182\">Repeat again with more confidence.<\/li><\/ol>\t\t\t\t\t\t\t\t<\/div>\n\t\t\t\t\t<\/div>\n\t\t\t\t<\/div>\n\t\t<div data-particle_enable=\"false\" data-particle-mobile-disabled=\"false\" class=\"elementor-element elementor-element-6de9be6 e-flex e-con-boxed e-con e-parent\" data-id=\"6de9be6\" data-element_type=\"container\" data-e-type=\"container\">\n\t\t\t\t\t<div class=\"e-con-inner\">\n\t\t\t\t\t<\/div>\n\t\t\t\t<\/div>\n\t\t\t\t<\/div>","protected":false},"excerpt":{"rendered":"<p>B1 English for Turkish Speakers Learn step by step with intermediate-friendly English lessons, clear audio practice, and Arabic support to help you feel more confident. Level: B1 Focus: Speaking, Listening, Vocabulary Best for: Intermediate Level Start the Lesson What You Will Learn at This Level At the B1 level, you will practice more natural English [&hellip;]<\/p>\n","protected":false},"author":1,"featured_media":0,"parent":2081,"menu_order":0,"comment_status":"closed","ping_status":"closed","template":"elementor_header_footer","meta":{"ocean_post_layout":"","ocean_both_sidebars_style":"","ocean_both_sidebars_content_width":0,"ocean_both_sidebars_sidebars_width":0,"ocean_sidebar":"","ocean_second_sidebar":"","ocean_disable_margins":"enable","ocean_add_body_class":"","ocean_shortcode_before_top_bar":"","ocean_shortcode_after_top_bar":"","ocean_shortcode_before_header":"","ocean_shortcode_after_header":"","ocean_has_shortcode":"","ocean_shortcode_after_title":"","ocean_shortcode_before_footer_widgets":"","ocean_shortcode_after_footer_widgets":"","ocean_shortcode_before_footer_bottom":"","ocean_shortcode_after_footer_bottom":"","ocean_display_top_bar":"default","ocean_display_header":"default","ocean_header_style":"","ocean_center_header_left_menu":"","ocean_custom_header_template":"","ocean_custom_logo":0,"ocean_custom_retina_logo":0,"ocean_custom_logo_max_width":0,"ocean_custom_logo_tablet_max_width":0,"ocean_custom_logo_mobile_max_width":0,"ocean_custom_logo_max_height":0,"ocean_custom_logo_tablet_max_height":0,"ocean_custom_logo_mobile_max_height":0,"ocean_header_custom_menu":"","ocean_menu_typo_font_family":"","ocean_menu_typo_font_subset":"","ocean_menu_typo_font_size":0,"ocean_menu_typo_font_size_tablet":0,"ocean_menu_typo_font_size_mobile":0,"ocean_menu_typo_font_size_unit":"px","ocean_menu_typo_font_weight":"","ocean_menu_typo_font_weight_tablet":"","ocean_menu_typo_font_weight_mobile":"","ocean_menu_typo_transform":"","ocean_menu_typo_transform_tablet":"","ocean_menu_typo_transform_mobile":"","ocean_menu_typo_line_height":0,"ocean_menu_typo_line_height_tablet":0,"ocean_menu_typo_line_height_mobile":0,"ocean_menu_typo_line_height_unit":"","ocean_menu_typo_spacing":0,"ocean_menu_typo_spacing_tablet":0,"ocean_menu_typo_spacing_mobile":0,"ocean_menu_typo_spacing_unit":"","ocean_menu_link_color":"","ocean_menu_link_color_hover":"","ocean_menu_link_color_active":"","ocean_menu_link_background":"","ocean_menu_link_hover_background":"","ocean_menu_link_active_background":"","ocean_menu_social_links_bg":"","ocean_menu_social_hover_links_bg":"","ocean_menu_social_links_color":"","ocean_menu_social_hover_links_color":"","ocean_disable_title":"default","ocean_disable_heading":"default","ocean_post_title":"","ocean_post_subheading":"","ocean_post_title_style":"","ocean_post_title_background_color":"","ocean_post_title_background":0,"ocean_post_title_bg_image_position":"","ocean_post_title_bg_image_attachment":"","ocean_post_title_bg_image_repeat":"","ocean_post_title_bg_image_size":"","ocean_post_title_height":0,"ocean_post_title_bg_overlay":0.5,"ocean_post_title_bg_overlay_color":"","ocean_disable_breadcrumbs":"default","ocean_breadcrumbs_color":"","ocean_breadcrumbs_separator_color":"","ocean_breadcrumbs_links_color":"","ocean_breadcrumbs_links_hover_color":"","ocean_display_footer_widgets":"default","ocean_display_footer_bottom":"default","ocean_custom_footer_template":"","omw_enable_modal_window":"enable","footnotes":""},"class_list":["post-2761","page","type-page","status-publish","hentry","entry","owp-thumbs-layout-horizontal","owp-btn-big","owp-tabs-layout-vertical","has-no-thumbnails","has-product-nav"],"_links":{"self":[{"href":"https:\/\/www.digitalnutrients.com\/ar\/wp-json\/wp\/v2\/pages\/2761","targetHints":{"allow":["GET"]}}],"collection":[{"href":"https:\/\/www.digitalnutrients.com\/ar\/wp-json\/wp\/v2\/pages"}],"about":[{"href":"https:\/\/www.digitalnutrients.com\/ar\/wp-json\/wp\/v2\/types\/page"}],"author":[{"embeddable":true,"href":"https:\/\/www.digitalnutrients.com\/ar\/wp-json\/wp\/v2\/users\/1"}],"replies":[{"embeddable":true,"href":"https:\/\/www.digitalnutrients.com\/ar\/wp-json\/wp\/v2\/comments?post=2761"}],"version-history":[{"count":4,"href":"https:\/\/www.digitalnutrients.com\/ar\/wp-json\/wp\/v2\/pages\/2761\/revisions"}],"predecessor-version":[{"id":2768,"href":"https:\/\/www.digitalnutrients.com\/ar\/wp-json\/wp\/v2\/pages\/2761\/revisions\/2768"}],"up":[{"embeddable":true,"href":"https:\/\/www.digitalnutrients.com\/ar\/wp-json\/wp\/v2\/pages\/2081"}],"wp:attachment":[{"href":"https:\/\/www.digitalnutrients.com\/ar\/wp-json\/wp\/v2\/media?parent=2761"}],"curies":[{"name":"wp","href":"https:\/\/api.w.org\/{rel}","templated":true}]}}