{"id":1194,"date":"2025-09-21T23:18:24","date_gmt":"2025-09-22T03:18:24","guid":{"rendered":"https:\/\/staging.digitalnutrients.com\/?page_id=1194"},"modified":"2026-04-13T22:28:20","modified_gmt":"2026-04-14T02:28:20","slug":"learning-hub","status":"publish","type":"page","link":"https:\/\/www.digitalnutrients.com\/es\/learning-hub\/","title":{"rendered":"Centro de aprendizaje"},"content":{"rendered":"<div data-elementor-type=\"wp-page\" data-elementor-id=\"1194\" class=\"elementor elementor-1194\" data-elementor-post-type=\"page\">\n\t\t\t\t\t\t<section data-particle_enable=\"false\" data-particle-mobile-disabled=\"false\" class=\"elementor-section elementor-top-section elementor-element elementor-element-7ba13cde elementor-section-boxed elementor-section-height-default elementor-section-height-default\" data-id=\"7ba13cde\" data-element_type=\"section\" data-e-type=\"section\" data-settings=\"{&quot;background_background&quot;:&quot;gradient&quot;}\">\n\t\t\t\t\t\t<div class=\"elementor-container elementor-column-gap-default\">\n\t\t\t\t\t<div class=\"elementor-column elementor-col-50 elementor-top-column elementor-element elementor-element-1a327dea\" data-id=\"1a327dea\" data-element_type=\"column\" data-e-type=\"column\">\n\t\t\t<div class=\"elementor-widget-wrap elementor-element-populated\">\n\t\t\t\t\t\t<div class=\"elementor-element elementor-element-7279aed2 elementor-widget elementor-widget-heading\" data-id=\"7279aed2\" data-element_type=\"widget\" data-e-type=\"widget\" data-widget_type=\"heading.default\">\n\t\t\t\t\t<h1 class=\"elementor-heading-title elementor-size-default\">Comience a aprender al estilo inteligente de IA.<\/h1>\t\t\t\t<\/div>\n\t\t\t\t<div class=\"elementor-element elementor-element-2c0ced1d elementor-widget elementor-widget-text-editor\" data-id=\"2c0ced1d\" data-element_type=\"widget\" data-e-type=\"widget\" data-widget_type=\"text-editor.default\">\n\t\t\t\t\t\t\t\t\tLecciones cortas. Pr\u00e1ctica pr\u00e1ctica. Dise\u00f1ado para personas ocupadas.\t\t\t\t\t\t\t\t<\/div>\n\t\t\t\t<div class=\"elementor-element elementor-element-5530cbd8 elementor-widget elementor-widget-button\" data-id=\"5530cbd8\" data-element_type=\"widget\" data-e-type=\"widget\" data-widget_type=\"button.default\">\n\t\t\t\t\t\t\t\t\t\t<a class=\"elementor-button elementor-button-link elementor-size-lg\" href=\"\/es\/english-for-everyone\/\">\n\t\t\t\t\t\t<span class=\"elementor-button-content-wrapper\">\n\t\t\t\t\t\t\t\t\t<span class=\"elementor-button-text\">Comienza una lecci\u00f3n gratuita<\/span>\n\t\t\t\t\t<\/span>\n\t\t\t\t\t<\/a>\n\t\t\t\t\t\t\t\t<\/div>\n\t\t\t\t<div class=\"elementor-element elementor-element-29e396cc elementor-widget elementor-widget-button\" data-id=\"29e396cc\" data-element_type=\"widget\" data-e-type=\"widget\" data-widget_type=\"button.default\">\n\t\t\t\t\t\t\t\t\t\t<a class=\"elementor-button elementor-button-link elementor-size-lg\" href=\"#tracks\">\n\t\t\t\t\t\t<span class=\"elementor-button-content-wrapper\">\n\t\t\t\t\t\t\t\t\t<span class=\"elementor-button-text\">Explorar pistas<\/span>\n\t\t\t\t\t<\/span>\n\t\t\t\t\t<\/a>\n\t\t\t\t\t\t\t\t<\/div>\n\t\t\t\t\t<\/div>\n\t\t<\/div>\n\t\t\t\t<div class=\"elementor-column elementor-col-50 elementor-top-column elementor-element elementor-element-672c07ff\" data-id=\"672c07ff\" data-element_type=\"column\" data-e-type=\"column\">\n\t\t\t<div class=\"elementor-widget-wrap elementor-element-populated\">\n\t\t\t\t\t\t<div class=\"elementor-element elementor-element-45bb28d0 elementor-widget elementor-widget-image\" data-id=\"45bb28d0\" data-element_type=\"widget\" data-e-type=\"widget\" data-widget_type=\"image.default\">\n\t\t\t\t\t\t\t\t\t\t\t\t\t\t\t<img fetchpriority=\"high\" decoding=\"async\" width=\"1024\" height=\"1024\" src=\"https:\/\/www.digitalnutrients.com\/wp-content\/uploads\/2025\/10\/Oct-29-2025-07_09_04-PM-1024x1024.png\" class=\"attachment-large size-large wp-image-2003\" alt=\"\" srcset=\"https:\/\/www.digitalnutrients.com\/wp-content\/uploads\/2025\/10\/Oct-29-2025-07_09_04-PM-1024x1024.png 1024w, https:\/\/www.digitalnutrients.com\/wp-content\/uploads\/2025\/10\/Oct-29-2025-07_09_04-PM-300x300.png 300w, https:\/\/www.digitalnutrients.com\/wp-content\/uploads\/2025\/10\/Oct-29-2025-07_09_04-PM-150x150.png 150w, https:\/\/www.digitalnutrients.com\/wp-content\/uploads\/2025\/10\/Oct-29-2025-07_09_04-PM-768x768.png 768w, https:\/\/www.digitalnutrients.com\/wp-content\/uploads\/2025\/10\/Oct-29-2025-07_09_04-PM-600x600.png 600w, https:\/\/www.digitalnutrients.com\/wp-content\/uploads\/2025\/10\/Oct-29-2025-07_09_04-PM-100x100.png 100w\" sizes=\"(max-width: 1024px) 100vw, 1024px\" \/>\t\t\t\t\t\t\t\t\t\t\t\t\t\t\t<\/div>\n\t\t\t\t\t<\/div>\n\t\t<\/div>\n\t\t\t\t\t<\/div>\n\t\t<\/section>\n\t\t<div data-particle_enable=\"false\" data-particle-mobile-disabled=\"false\" class=\"elementor-element elementor-element-a966901 e-con-full e-flex e-con e-parent\" data-id=\"a966901\" data-element_type=\"container\" data-e-type=\"container\" data-settings=\"{&quot;background_background&quot;:&quot;classic&quot;}\">\n\t\t\t\t<div class=\"elementor-element elementor-element-90e2388 elementor-widget elementor-widget-heading\" data-id=\"90e2388\" data-element_type=\"widget\" data-e-type=\"widget\" id=\"tracks\" data-widget_type=\"heading.default\">\n\t\t\t\t\t<h2 class=\"elementor-heading-title elementor-size-default\">Elige una pista<\/h2>\t\t\t\t<\/div>\n\t\t<div data-particle_enable=\"false\" data-particle-mobile-disabled=\"false\" class=\"elementor-element elementor-element-f624063 e-con-full e-flex e-con e-child\" data-id=\"f624063\" data-element_type=\"container\" data-e-type=\"container\">\n\t\t\t\t<div class=\"elementor-element elementor-element-180f2f7 elementor-position-top elementor-widget elementor-widget-image-box\" data-id=\"180f2f7\" data-element_type=\"widget\" data-e-type=\"widget\" data-widget_type=\"image-box.default\">\n\t\t\t\t\t<div class=\"elementor-image-box-wrapper\"><figure class=\"elementor-image-box-img\"><a href=\"\/es\/learning-hub\/english-for-everyone\/\" tabindex=\"-1\"><img decoding=\"async\" width=\"300\" height=\"300\" src=\"https:\/\/www.digitalnutrients.com\/wp-content\/uploads\/2025\/10\/English-for-Everyone-300x300.png\" class=\"attachment-woocommerce_thumbnail size-woocommerce_thumbnail wp-image-1983\" alt=\"\" srcset=\"https:\/\/www.digitalnutrients.com\/wp-content\/uploads\/2025\/10\/English-for-Everyone-300x300.png 300w, https:\/\/www.digitalnutrients.com\/wp-content\/uploads\/2025\/10\/English-for-Everyone-150x150.png 150w, https:\/\/www.digitalnutrients.com\/wp-content\/uploads\/2025\/10\/English-for-Everyone-768x768.png 768w, https:\/\/www.digitalnutrients.com\/wp-content\/uploads\/2025\/10\/English-for-Everyone-12x12.png 12w, https:\/\/www.digitalnutrients.com\/wp-content\/uploads\/2025\/10\/English-for-Everyone-600x600.png 600w, https:\/\/www.digitalnutrients.com\/wp-content\/uploads\/2025\/10\/English-for-Everyone-100x100.png 100w, https:\/\/www.digitalnutrients.com\/wp-content\/uploads\/2025\/10\/English-for-Everyone.png 1024w\" sizes=\"(max-width: 300px) 100vw, 300px\" \/><\/a><\/figure><div class=\"elementor-image-box-content\"><h3 class=\"elementor-image-box-title\"><a href=\"\/es\/learning-hub\/english-for-everyone\/\">Ingl\u00e9s para todos<\/a><\/h3><p class=\"elementor-image-box-description\">Microlecciones basadas en niveles con sugerencias biling\u00fces.<\/p><\/div><\/div>\t\t\t\t<\/div>\n\t\t\t\t<\/div>\n\t\t<div data-particle_enable=\"false\" data-particle-mobile-disabled=\"false\" class=\"elementor-element elementor-element-ae3cf3a e-con-full e-flex e-con e-child\" data-id=\"ae3cf3a\" data-element_type=\"container\" data-e-type=\"container\">\n\t\t\t\t<div class=\"elementor-element elementor-element-4dadecf elementor-position-top elementor-widget elementor-widget-image-box\" data-id=\"4dadecf\" data-element_type=\"widget\" data-e-type=\"widget\" data-widget_type=\"image-box.default\">\n\t\t\t\t\t<div class=\"elementor-image-box-wrapper\"><figure class=\"elementor-image-box-img\"><a href=\"\/es\/category\/health-fitness\/\" tabindex=\"-1\"><img decoding=\"async\" width=\"1024\" height=\"1024\" src=\"https:\/\/www.digitalnutrients.com\/wp-content\/uploads\/2025\/10\/Health-Meets-Exercise.png\" class=\"attachment-full size-full wp-image-1984\" alt=\"\" srcset=\"https:\/\/www.digitalnutrients.com\/wp-content\/uploads\/2025\/10\/Health-Meets-Exercise.png 1024w, https:\/\/www.digitalnutrients.com\/wp-content\/uploads\/2025\/10\/Health-Meets-Exercise-300x300.png 300w, https:\/\/www.digitalnutrients.com\/wp-content\/uploads\/2025\/10\/Health-Meets-Exercise-150x150.png 150w, https:\/\/www.digitalnutrients.com\/wp-content\/uploads\/2025\/10\/Health-Meets-Exercise-768x768.png 768w, https:\/\/www.digitalnutrients.com\/wp-content\/uploads\/2025\/10\/Health-Meets-Exercise-12x12.png 12w, https:\/\/www.digitalnutrients.com\/wp-content\/uploads\/2025\/10\/Health-Meets-Exercise-600x600.png 600w, https:\/\/www.digitalnutrients.com\/wp-content\/uploads\/2025\/10\/Health-Meets-Exercise-100x100.png 100w\" sizes=\"(max-width: 1024px) 100vw, 1024px\" \/><\/a><\/figure><div class=\"elementor-image-box-content\"><h3 class=\"elementor-image-box-title\"><a href=\"\/es\/category\/health-fitness\/\">La salud se encuentra con el ejercicio<\/a><\/h3><p class=\"elementor-image-box-description\">Gu\u00edas basadas en la ciencia que simplifican el fitness y la nutrici\u00f3n.<\/p><\/div><\/div>\t\t\t\t<\/div>\n\t\t\t\t<\/div>\n\t\t<div data-particle_enable=\"false\" data-particle-mobile-disabled=\"false\" class=\"elementor-element elementor-element-5aabb69 e-con-full e-flex e-con e-child\" data-id=\"5aabb69\" data-element_type=\"container\" data-e-type=\"container\">\n\t\t\t\t<div class=\"elementor-element elementor-element-d7949d3 elementor-position-top elementor-widget elementor-widget-image-box\" data-id=\"d7949d3\" data-element_type=\"widget\" data-e-type=\"widget\" data-widget_type=\"image-box.default\">\n\t\t\t\t\t<div class=\"elementor-image-box-wrapper\"><figure class=\"elementor-image-box-img\"><a href=\"\/es\/category\/ai\/\" tabindex=\"-1\"><img loading=\"lazy\" decoding=\"async\" width=\"1024\" height=\"1024\" src=\"https:\/\/www.digitalnutrients.com\/wp-content\/uploads\/2025\/10\/AI-Skills.png\" class=\"attachment-full size-full wp-image-1987\" alt=\"\" srcset=\"https:\/\/www.digitalnutrients.com\/wp-content\/uploads\/2025\/10\/AI-Skills.png 1024w, https:\/\/www.digitalnutrients.com\/wp-content\/uploads\/2025\/10\/AI-Skills-300x300.png 300w, https:\/\/www.digitalnutrients.com\/wp-content\/uploads\/2025\/10\/AI-Skills-150x150.png 150w, https:\/\/www.digitalnutrients.com\/wp-content\/uploads\/2025\/10\/AI-Skills-768x768.png 768w, https:\/\/www.digitalnutrients.com\/wp-content\/uploads\/2025\/10\/AI-Skills-12x12.png 12w, https:\/\/www.digitalnutrients.com\/wp-content\/uploads\/2025\/10\/AI-Skills-600x600.png 600w, https:\/\/www.digitalnutrients.com\/wp-content\/uploads\/2025\/10\/AI-Skills-100x100.png 100w\" sizes=\"(max-width: 1024px) 100vw, 1024px\" \/><\/a><\/figure><div class=\"elementor-image-box-content\"><h3 class=\"elementor-image-box-title\"><a href=\"\/es\/category\/ai\/\">Habilidades de IA para la vida<\/a><\/h3><p class=\"elementor-image-box-description\">Peque\u00f1os consejos que te ahorran mucho tiempo, en el trabajo y en casa.<\/p><\/div><\/div>\t\t\t\t<\/div>\n\t\t\t\t<\/div>\n\t\t\t\t<\/div>\n\t\t\t\t<section data-particle_enable=\"false\" data-particle-mobile-disabled=\"false\" class=\"elementor-section elementor-top-section elementor-element elementor-element-170c757d elementor-section-boxed elementor-section-height-default elementor-section-height-default\" data-id=\"170c757d\" data-element_type=\"section\" data-e-type=\"section\" data-settings=\"{&quot;background_background&quot;:&quot;classic&quot;}\">\n\t\t\t\t\t\t<div class=\"elementor-container elementor-column-gap-default\">\n\t\t\t\t\t<div class=\"elementor-column elementor-col- elementor-top-column elementor-element elementor-element-79c91fce\" data-id=\"79c91fce\" data-element_type=\"column\" data-e-type=\"column\">\n\t\t\t<div class=\"elementor-widget-wrap elementor-element-populated\">\n\t\t\t\t\t\t<div class=\"elementor-element elementor-element-5ded1329 elementor-widget elementor-widget-heading\" data-id=\"5ded1329\" data-element_type=\"widget\" data-e-type=\"widget\" data-widget_type=\"heading.default\">\n\t\t\t\t\t<h2 class=\"elementor-heading-title elementor-size-xl\">Lecciones destacadas<\/h2>\t\t\t\t<\/div>\n\t\t\t\t<div class=\"elementor-element elementor-element-56f41988 elementor-widget elementor-widget-text-editor\" data-id=\"56f41988\" data-element_type=\"widget\" data-e-type=\"widget\" data-widget_type=\"text-editor.default\">\n\t\t\t\t\t\t\t\t\tExplora nuestras lecciones mejor calificadas para impulsar tu viaje de salud y aprendizaje.\t\t\t\t\t\t\t\t<\/div>\n\t\t\t\t<div class=\"elementor-element elementor-element-2db90d32 elementor-grid-eael-col-4 elementor-grid-tablet-eael-col-2 elementor-grid-mobile-eael-col-1 elementor-widget elementor-widget-eael-post-grid\" data-id=\"2db90d32\" data-element_type=\"widget\" data-e-type=\"widget\" data-settings=\"{&quot;eael_post_grid_columns&quot;:&quot;eael-col-4&quot;,&quot;eael_post_grid_columns_tablet&quot;:&quot;eael-col-2&quot;,&quot;eael_post_grid_columns_mobile&quot;:&quot;eael-col-1&quot;}\" data-widget_type=\"eael-post-grid.default\">\n\t\t\t\t\t<div id=\"eael-post-grid-2db90d32\" class=\"eael-post-grid-container\">\n            <div class=\"eael-post-grid eael-post-appender eael-post-appender-2db90d32 eael-post-grid-style-one\" data-layout-mode=\"masonry\"><article class=\"eael-grid-post  eael-post-grid-column eael-pg-post-702 category-detox tags-anti-inflammatory-black-seed-oil-natural-remedies-oral-health\" data-id=\"702\">\n        <div class=\"eael-grid-post-holder\">\n            <div class=\"eael-grid-post-holder-inner\"><div class=\"eael-entry-wrapper\"><header class=\"eael-entry-header\"><h2 class=\"eael-entry-title\"><a class=\"eael-grid-post-link\" href=\"https:\/\/www.digitalnutrients.com\/es\/black-seed-oil-treatment-for-dental-issues\/\" title=\"Tratamiento con aceite de semilla negra para problemas dentales\">Tratamiento con aceite de semilla negra para problemas dentales<\/a><\/h2><\/header><div class=\"eael-entry-content\">\n                        <div class=\"eael-grid-post-excerpt\"><p>Descubra c\u00f3mo el aceite de semilla negra (Nigella sativa) favorece la salud de las enc\u00edas...<\/p><a href=\"https:\/\/www.digitalnutrients.com\/es\/black-seed-oil-treatment-for-dental-issues\/\" class=\"eael-post-elements-readmore-btn\">Leer m\u00e1s<\/a><\/div>\n                    <\/div><div class=\"eael-entry-footer\"><div class=\"eael-author-avatar\"><a href=\"https:\/\/www.digitalnutrients.com\/es\/author\/user\/\"><img alt='Digital Nutrients' src='https:\/\/secure.gravatar.com\/avatar\/b4c9a289323b21a01c3e940f150eb9b8c542587f1abfd8f0e1cc1ffc5e475514?s=96&#038;d=mm&#038;r=g' srcset='https:\/\/secure.gravatar.com\/avatar\/b4c9a289323b21a01c3e940f150eb9b8c542587f1abfd8f0e1cc1ffc5e475514?s=192&#038;d=mm&#038;r=g 2x' class='avatar avatar-96 photo' height='96' width='96' \/><\/a><\/div><div class=\"eael-entry-meta\"><span class=\"eael-posted-by\"><a href=\"https:\/\/www.digitalnutrients.com\/es\/author\/user\/\" title=\"Posts by Digital Nutrients\" rel=\"author\">Nutrientes digitales<\/a><\/span><span class=\"eael-posted-on\"><time datetime=\"octubre 20, 2025\">20 de octubre de 2025<\/time><\/span><\/div><\/div><\/div><\/div>\n        <\/div>\n    <\/article><article class=\"eael-grid-post  eael-post-grid-column eael-pg-post-1781 category-health-fitness-strength-recovery tags-muscle-nutrition-recovery-sleep\" data-id=\"1781\">\n        <div class=\"eael-grid-post-holder\">\n            <div class=\"eael-grid-post-holder-inner\"><div class=\"eael-entry-wrapper\"><header class=\"eael-entry-header\"><h2 class=\"eael-entry-title\"><a class=\"eael-grid-post-link\" href=\"https:\/\/www.digitalnutrients.com\/es\/post-workout-rituals-that-actually-work\/\" title=\"Rituales post-entrenamiento que realmente funcionan\">Rituales post-entrenamiento que realmente funcionan<\/a><\/h2><\/header><div class=\"eael-entry-content\">\n                        <div class=\"eael-grid-post-excerpt\"><p>Rituales post-entrenamiento que realmente funcionan Los minutos despu\u00e9s de tu entrenamiento...<\/p><a href=\"https:\/\/www.digitalnutrients.com\/es\/post-workout-rituals-that-actually-work\/\" class=\"eael-post-elements-readmore-btn\">Leer m\u00e1s<\/a><\/div>\n                    <\/div><div class=\"eael-entry-footer\"><div class=\"eael-author-avatar\"><a href=\"https:\/\/www.digitalnutrients.com\/es\/author\/user\/\"><img alt='Digital Nutrients' src='https:\/\/secure.gravatar.com\/avatar\/b4c9a289323b21a01c3e940f150eb9b8c542587f1abfd8f0e1cc1ffc5e475514?s=96&#038;d=mm&#038;r=g' srcset='https:\/\/secure.gravatar.com\/avatar\/b4c9a289323b21a01c3e940f150eb9b8c542587f1abfd8f0e1cc1ffc5e475514?s=192&#038;d=mm&#038;r=g 2x' class='avatar avatar-96 photo' height='96' width='96' \/><\/a><\/div><div class=\"eael-entry-meta\"><span class=\"eael-posted-by\"><a href=\"https:\/\/www.digitalnutrients.com\/es\/author\/user\/\" title=\"Posts by Digital Nutrients\" rel=\"author\">Nutrientes digitales<\/a><\/span><span class=\"eael-posted-on\"><time datetime=\"octubre 19, 2025\">19 de octubre de 2025<\/time><\/span><\/div><\/div><\/div><\/div>\n        <\/div>\n    <\/article><article class=\"eael-grid-post  eael-post-grid-column eael-pg-post-1779 category-health-fitness-strength-recovery tags-cortisol-mobility-muscle-nutrition-protein-recovery-sleep-strength-stress-training-program\" data-id=\"1779\">\n        <div class=\"eael-grid-post-holder\">\n            <div class=\"eael-grid-post-holder-inner\"><div class=\"eael-entry-wrapper\"><header class=\"eael-entry-header\"><h2 class=\"eael-entry-title\"><a class=\"eael-grid-post-link\" href=\"https:\/\/www.digitalnutrients.com\/es\/mindful-recovery-stress-reduction-for-better-performance\/\" title=\"Recuperaci\u00f3n consciente: reducci\u00f3n del estr\u00e9s para un mejor rendimiento\">Recuperaci\u00f3n consciente: reducci\u00f3n del estr\u00e9s para un mejor rendimiento<\/a><\/h2><\/header><div class=\"eael-entry-content\">\n                        <div class=\"eael-grid-post-excerpt\"><p>Recuperaci\u00f3n consciente: reducci\u00f3n del estr\u00e9s para un mejor rendimiento Los m\u00fasculos se recuperan m\u00e1s r\u00e1pido...<\/p><a href=\"https:\/\/www.digitalnutrients.com\/es\/mindful-recovery-stress-reduction-for-better-performance\/\" class=\"eael-post-elements-readmore-btn\">Leer m\u00e1s<\/a><\/div>\n                    <\/div><div class=\"eael-entry-footer\"><div class=\"eael-author-avatar\"><a href=\"https:\/\/www.digitalnutrients.com\/es\/author\/user\/\"><img alt='Digital Nutrients' src='https:\/\/secure.gravatar.com\/avatar\/b4c9a289323b21a01c3e940f150eb9b8c542587f1abfd8f0e1cc1ffc5e475514?s=96&#038;d=mm&#038;r=g' srcset='https:\/\/secure.gravatar.com\/avatar\/b4c9a289323b21a01c3e940f150eb9b8c542587f1abfd8f0e1cc1ffc5e475514?s=192&#038;d=mm&#038;r=g 2x' class='avatar avatar-96 photo' height='96' width='96' \/><\/a><\/div><div class=\"eael-entry-meta\"><span class=\"eael-posted-by\"><a href=\"https:\/\/www.digitalnutrients.com\/es\/author\/user\/\" title=\"Posts by Digital Nutrients\" rel=\"author\">Nutrientes digitales<\/a><\/span><span class=\"eael-posted-on\"><time datetime=\"octubre 19, 2025\">19 de octubre de 2025<\/time><\/span><\/div><\/div><\/div><\/div>\n        <\/div>\n    <\/article><\/div>\n            <div class=\"clearfix\"><\/div>\n        <\/div>            <div class=\"eael-load-more-button-wrap eael-force-hide\">\n                <button class=\"eael-load-more-button\" id=\"eael-load-more-btn-2db90d32\" data-widget-id=\"2db90d32\" data-widget=\"2db90d32\" data-page-id=\"1194\" data-template=\"{&quot;dir&quot;:&quot;lite&quot;,&quot;file_name&quot;:&quot;one.php&quot;,&quot;name&quot;:&quot;Post-Grid&quot;}\" data-class=\"Essential_Addons_Elementor\\Elements\\Post_Grid\" data-layout=\"masonry\" data-page=\"1\" data-args=\"orderby=date&amp;order=desc&amp;ignore_sticky_posts=1&amp;post_status=publish&amp;posts_per_page=3&amp;offset=0&amp;post_type=post\" data-max-page=\"17\">\n                    <span class=\"eael-btn-loader button__loader\"><\/span>\n                    <span class=\"eael_load_more_text\">Cargar m\u00e1s<\/span>\n                <\/button>\n            <\/div>\n            \t\t\t\t<\/div>\n\t\t\t\t\t<\/div>\n\t\t<\/div>\n\t\t\t\t\t<\/div>\n\t\t<\/section>\n\t\t\t\t<\/div>","protected":false},"excerpt":{"rendered":"<p>Start Learning, the AI-Smart Way. Short lessons. Real-world practice. Built for busy people. Start Free Lesson Browse Tracks Choose a Track English for Everyone Level-based micro-lessons with bilingual hints. Health Meets Exercise Science-based guides that make fitness &amp; nutrition simple. AI Skills for Life Small prompts that save big time\u2014at work and at home. Featured [&hellip;]<\/p>\n","protected":false},"author":1,"featured_media":0,"parent":0,"menu_order":0,"comment_status":"closed","ping_status":"closed","template":"","meta":{"ocean_post_layout":"","ocean_both_sidebars_style":"","ocean_both_sidebars_content_width":0,"ocean_both_sidebars_sidebars_width":0,"ocean_sidebar":"","ocean_second_sidebar":"","ocean_disable_margins":"enable","ocean_add_body_class":"","ocean_shortcode_before_top_bar":"","ocean_shortcode_after_top_bar":"","ocean_shortcode_before_header":"","ocean_shortcode_after_header":"","ocean_has_shortcode":"","ocean_shortcode_after_title":"","ocean_shortcode_before_footer_widgets":"","ocean_shortcode_after_footer_widgets":"","ocean_shortcode_before_footer_bottom":"","ocean_shortcode_after_footer_bottom":"","ocean_display_top_bar":"default","ocean_display_header":"default","ocean_header_style":"","ocean_center_header_left_menu":"","ocean_custom_header_template":"","ocean_custom_logo":0,"ocean_custom_retina_logo":0,"ocean_custom_logo_max_width":0,"ocean_custom_logo_tablet_max_width":0,"ocean_custom_logo_mobile_max_width":0,"ocean_custom_logo_max_height":0,"ocean_custom_logo_tablet_max_height":0,"ocean_custom_logo_mobile_max_height":0,"ocean_header_custom_menu":"","ocean_menu_typo_font_family":"","ocean_menu_typo_font_subset":"","ocean_menu_typo_font_size":0,"ocean_menu_typo_font_size_tablet":0,"ocean_menu_typo_font_size_mobile":0,"ocean_menu_typo_font_size_unit":"px","ocean_menu_typo_font_weight":"","ocean_menu_typo_font_weight_tablet":"","ocean_menu_typo_font_weight_mobile":"","ocean_menu_typo_transform":"","ocean_menu_typo_transform_tablet":"","ocean_menu_typo_transform_mobile":"","ocean_menu_typo_line_height":0,"ocean_menu_typo_line_height_tablet":0,"ocean_menu_typo_line_height_mobile":0,"ocean_menu_typo_line_height_unit":"","ocean_menu_typo_spacing":0,"ocean_menu_typo_spacing_tablet":0,"ocean_menu_typo_spacing_mobile":0,"ocean_menu_typo_spacing_unit":"","ocean_menu_link_color":"","ocean_menu_link_color_hover":"","ocean_menu_link_color_active":"","ocean_menu_link_background":"","ocean_menu_link_hover_background":"","ocean_menu_link_active_background":"","ocean_menu_social_links_bg":"","ocean_menu_social_hover_links_bg":"","ocean_menu_social_links_color":"","ocean_menu_social_hover_links_color":"","ocean_disable_title":"default","ocean_disable_heading":"default","ocean_post_title":"","ocean_post_subheading":"","ocean_post_title_style":"","ocean_post_title_background_color":"","ocean_post_title_background":0,"ocean_post_title_bg_image_position":"","ocean_post_title_bg_image_attachment":"","ocean_post_title_bg_image_repeat":"","ocean_post_title_bg_image_size":"","ocean_post_title_height":0,"ocean_post_title_bg_overlay":0.5,"ocean_post_title_bg_overlay_color":"","ocean_disable_breadcrumbs":"default","ocean_breadcrumbs_color":"","ocean_breadcrumbs_separator_color":"","ocean_breadcrumbs_links_color":"","ocean_breadcrumbs_links_hover_color":"","ocean_display_footer_widgets":"default","ocean_display_footer_bottom":"default","ocean_custom_footer_template":"","omw_enable_modal_window":"enable","footnotes":""},"class_list":["post-1194","page","type-page","status-publish","hentry","entry","owp-thumbs-layout-horizontal","owp-btn-big","owp-tabs-layout-vertical","has-no-thumbnails","has-product-nav"],"_links":{"self":[{"href":"https:\/\/www.digitalnutrients.com\/es\/wp-json\/wp\/v2\/pages\/1194","targetHints":{"allow":["GET"]}}],"collection":[{"href":"https:\/\/www.digitalnutrients.com\/es\/wp-json\/wp\/v2\/pages"}],"about":[{"href":"https:\/\/www.digitalnutrients.com\/es\/wp-json\/wp\/v2\/types\/page"}],"author":[{"embeddable":true,"href":"https:\/\/www.digitalnutrients.com\/es\/wp-json\/wp\/v2\/users\/1"}],"replies":[{"embeddable":true,"href":"https:\/\/www.digitalnutrients.com\/es\/wp-json\/wp\/v2\/comments?post=1194"}],"version-history":[{"count":34,"href":"https:\/\/www.digitalnutrients.com\/es\/wp-json\/wp\/v2\/pages\/1194\/revisions"}],"predecessor-version":[{"id":2823,"href":"https:\/\/www.digitalnutrients.com\/es\/wp-json\/wp\/v2\/pages\/1194\/revisions\/2823"}],"wp:attachment":[{"href":"https:\/\/www.digitalnutrients.com\/es\/wp-json\/wp\/v2\/media?parent=1194"}],"curies":[{"name":"wp","href":"https:\/\/api.w.org\/{rel}","templated":true}]}}