{"id":2718,"date":"2026-04-13T11:17:50","date_gmt":"2026-04-13T15:17:50","guid":{"rendered":"https:\/\/www.digitalnutrients.com\/?page_id=2718"},"modified":"2026-04-15T05:12:57","modified_gmt":"2026-04-15T09:12:57","slug":"b2","status":"publish","type":"page","link":"https:\/\/www.digitalnutrients.com\/pt\/english-for-portuguese-speakers\/b2\/","title":{"rendered":"B2 English for Portuguese Speakers"},"content":{"rendered":"<div data-elementor-type=\"wp-page\" data-elementor-id=\"2718\" class=\"elementor elementor-2718\" data-elementor-post-type=\"page\">\n\t\t\t\t<div data-particle_enable=\"false\" data-particle-mobile-disabled=\"false\" class=\"elementor-element elementor-element-c49bf46 e-flex e-con-boxed e-con e-parent\" data-id=\"c49bf46\" data-element_type=\"container\" data-e-type=\"container\">\n\t\t\t\t\t<div class=\"e-con-inner\">\n\t\t\t\t<div class=\"elementor-element elementor-element-1b20fd2 elementor-widget elementor-widget-heading\" data-id=\"1b20fd2\" data-element_type=\"widget\" data-e-type=\"widget\" data-widget_type=\"heading.default\">\n\t\t\t\t\t<h2 class=\"elementor-heading-title elementor-size-default\">B2 English for Portuguese Speakers<\/h2>\t\t\t\t<\/div>\n\t\t\t\t<div class=\"elementor-element elementor-element-cfda936 elementor-widget elementor-widget-text-editor\" data-id=\"cfda936\" data-element_type=\"widget\" data-e-type=\"widget\" data-widget_type=\"text-editor.default\">\n\t\t\t\t\t\t\t\t\t<p>Learn step by step with intermediate-friendly English lessons, clear audio practice, and Arabic support to help you feel more confident.<\/p>\t\t\t\t\t\t\t\t<\/div>\n\t\t\t\t<div class=\"elementor-element elementor-element-b223489 elementor-icon-list--layout-traditional elementor-list-item-link-full_width elementor-widget elementor-widget-icon-list\" data-id=\"b223489\" data-element_type=\"widget\" data-e-type=\"widget\" data-widget_type=\"icon-list.default\">\n\t\t\t\t\t\t\t<ul class=\"elementor-icon-list-items\">\n\t\t\t\t\t\t\t<li class=\"elementor-icon-list-item\">\n\t\t\t\t\t\t\t\t\t\t<span class=\"elementor-icon-list-text\">Level: B2<\/span>\n\t\t\t\t\t\t\t\t\t<\/li>\n\t\t\t\t\t\t\t\t<li class=\"elementor-icon-list-item\">\n\t\t\t\t\t\t\t\t\t\t<span class=\"elementor-icon-list-text\">Focus: Speaking, Listening, Vocabulary<\/span>\n\t\t\t\t\t\t\t\t\t<\/li>\n\t\t\t\t\t\t\t\t<li class=\"elementor-icon-list-item\">\n\t\t\t\t\t\t\t\t\t\t<span class=\"elementor-icon-list-text\">Best for: Intermediate Level<\/span>\n\t\t\t\t\t\t\t\t\t<\/li>\n\t\t\t\t\t\t<\/ul>\n\t\t\t\t\t\t<\/div>\n\t\t\t\t<div class=\"elementor-element elementor-element-541af7b elementor-widget elementor-widget-button\" data-id=\"541af7b\" data-element_type=\"widget\" data-e-type=\"widget\" data-widget_type=\"button.default\">\n\t\t\t\t\t\t\t\t\t\t<a class=\"elementor-button elementor-button-link elementor-size-sm\" href=\"#featured-lesson\">\n\t\t\t\t\t\t<span class=\"elementor-button-content-wrapper\">\n\t\t\t\t\t\t\t\t\t<span class=\"elementor-button-text\">Start the Lesson<\/span>\n\t\t\t\t\t<\/span>\n\t\t\t\t\t<\/a>\n\t\t\t\t\t\t\t\t<\/div>\n\t\t\t\t\t<\/div>\n\t\t\t\t<\/div>\n\t\t<div data-particle_enable=\"false\" data-particle-mobile-disabled=\"false\" class=\"elementor-element elementor-element-8a17423 e-flex e-con-boxed e-con e-parent\" data-id=\"8a17423\" data-element_type=\"container\" data-e-type=\"container\">\n\t\t\t\t\t<div class=\"e-con-inner\">\n\t\t\t\t<div class=\"elementor-element elementor-element-3a25672 elementor-widget elementor-widget-heading\" data-id=\"3a25672\" data-element_type=\"widget\" data-e-type=\"widget\" data-widget_type=\"heading.default\">\n\t\t\t\t\t<h2 class=\"elementor-heading-title elementor-size-default\">What You Will Learn at This Level<\/h2>\t\t\t\t<\/div>\n\t\t\t\t<div class=\"elementor-element elementor-element-cf19df8 elementor-widget elementor-widget-text-editor\" data-id=\"cf19df8\" data-element_type=\"widget\" data-e-type=\"widget\" data-widget_type=\"text-editor.default\">\n\t\t\t\t\t\t\t\t\t<p>At the B2 level, you will build stronger fluency and learn how to communicate more clearly in detailed conversations, opinions, and real-world discussions. You will practice understanding longer audio, responding more naturally, explaining your ideas with greater detail, and using English with more confidence in social, academic, and professional situations.<\/p>\t\t\t\t\t\t\t\t<\/div>\n\t\t\t\t\t<\/div>\n\t\t\t\t<\/div>\n\t\t<div data-particle_enable=\"false\" data-particle-mobile-disabled=\"false\" class=\"elementor-element elementor-element-29beee3 e-flex e-con-boxed e-con e-parent\" data-id=\"29beee3\" data-element_type=\"container\" data-e-type=\"container\" id=\"featured-lesson\">\n\t\t\t\t\t<div class=\"e-con-inner\">\n\t\t\t\t<div class=\"elementor-element elementor-element-b28dc07 elementor-widget elementor-widget-heading\" data-id=\"b28dc07\" data-element_type=\"widget\" data-e-type=\"widget\" data-widget_type=\"heading.default\">\n\t\t\t\t\t<h2 class=\"elementor-heading-title elementor-size-default\">Featured Lesson<\/h2>\t\t\t\t<\/div>\n\t\t\t\t<div class=\"elementor-element elementor-element-09ac698 elementor-widget elementor-widget-heading\" data-id=\"09ac698\" data-element_type=\"widget\" data-e-type=\"widget\" data-widget_type=\"heading.default\">\n\t\t\t\t\t<h3 class=\"elementor-heading-title elementor-size-default\">B2 \u2013 First Free Lesson: Expressing Ideas Clearly &amp; Speaking with Confidence<\/h3>\t\t\t\t<\/div>\n\t\t\t\t<div class=\"elementor-element elementor-element-a276c1a elementor-widget elementor-widget-text-editor\" data-id=\"a276c1a\" data-element_type=\"widget\" data-e-type=\"widget\" data-widget_type=\"text-editor.default\">\n\t\t\t\t\t\t\t\t\t<p>Learn how to speak with clearer expression, deeper discussion, and stronger fluency in simple English.<\/p>\t\t\t\t\t\t\t\t<\/div>\n\t\t\t\t<div class=\"elementor-element elementor-element-e2772d3 elementor-widget elementor-widget-heading\" data-id=\"e2772d3\" data-element_type=\"widget\" data-e-type=\"widget\" data-widget_type=\"heading.default\">\n\t\t\t\t\t<h2 class=\"elementor-heading-title elementor-size-default\">Video coming soon!!!\n<\/h2>\t\t\t\t<\/div>\n\t\t\t\t\t<\/div>\n\t\t\t\t<\/div>\n\t\t<div data-particle_enable=\"false\" data-particle-mobile-disabled=\"false\" class=\"elementor-element elementor-element-6b15ce3 e-flex e-con-boxed e-con e-parent\" data-id=\"6b15ce3\" data-element_type=\"container\" data-e-type=\"container\">\n\t\t\t\t\t<div class=\"e-con-inner\">\n\t\t<div data-particle_enable=\"false\" data-particle-mobile-disabled=\"false\" class=\"elementor-element elementor-element-04cbf8c e-con-full e-flex e-con e-child\" data-id=\"04cbf8c\" data-element_type=\"container\" data-e-type=\"container\">\n\t\t\t\t<div class=\"elementor-element elementor-element-314b437 elementor-widget elementor-widget-heading\" data-id=\"314b437\" data-element_type=\"widget\" data-e-type=\"widget\" data-widget_type=\"heading.default\">\n\t\t\t\t\t<h2 class=\"elementor-heading-title elementor-size-default\">Audio Practice<\/h2>\t\t\t\t<\/div>\n\t\t\t\t<div class=\"elementor-element elementor-element-dabc070 elementor-widget elementor-widget-text-editor\" data-id=\"dabc070\" data-element_type=\"widget\" data-e-type=\"widget\" data-widget_type=\"text-editor.default\">\n\t\t\t\t\t\t\t\t\t<p>Listen once, then listen again and repeat out loud. You do not need to be perfect. The goal is to get more comfortable each time.<\/p>\t\t\t\t\t\t\t\t<\/div>\n\t\t<div data-particle_enable=\"false\" data-particle-mobile-disabled=\"false\" class=\"elementor-element elementor-element-734b1e7 e-con-full e-flex e-con e-child\" data-id=\"734b1e7\" data-element_type=\"container\" data-e-type=\"container\" data-settings=\"{&quot;background_background&quot;:&quot;classic&quot;}\">\n\t\t\t\t<div class=\"elementor-element elementor-element-3badbe9 elementor-widget elementor-widget-heading\" data-id=\"3badbe9\" data-element_type=\"widget\" data-e-type=\"widget\" data-widget_type=\"heading.default\">\n\t\t\t\t\t<h4 class=\"elementor-heading-title elementor-size-default\">Full Lesson Audio<\/h4>\t\t\t\t<\/div>\n\t\t\t\t<div class=\"elementor-element elementor-element-f8e152f elementor-widget elementor-widget-text-editor\" data-id=\"f8e152f\" data-element_type=\"widget\" data-e-type=\"widget\" data-widget_type=\"text-editor.default\">\n\t\t\t\t\t\t\t\t\t<p>Listen to the full lesson at a natural pace.<\/p>\t\t\t\t\t\t\t\t<\/div>\n\t\t\t\t<div class=\"elementor-element elementor-element-97e4e5e elementor-widget elementor-widget-html\" data-id=\"97e4e5e\" data-element_type=\"widget\" data-e-type=\"widget\" data-widget_type=\"html.default\">\n\t\t\t\t\t<audio controls preload=\"none\" style=\"width: 100%;\">\n  <source src=\"https:\/\/www.digitalnutrients.com\/wp-content\/uploads\/2026\/04\/ElevenLabs_portuguese-b2-lesson-01-full.mp3\" type=\"audio\/mpeg\">\n  Your browser does not support the audio element.\n<\/audio>\t\t\t\t<\/div>\n\t\t\t\t<\/div>\n\t\t<div data-particle_enable=\"false\" data-particle-mobile-disabled=\"false\" class=\"elementor-element elementor-element-6825703 e-con-full e-flex e-con e-child\" data-id=\"6825703\" data-element_type=\"container\" data-e-type=\"container\" data-settings=\"{&quot;background_background&quot;:&quot;classic&quot;}\">\n\t\t\t\t<div class=\"elementor-element elementor-element-fd19034 elementor-widget elementor-widget-heading\" data-id=\"fd19034\" data-element_type=\"widget\" data-e-type=\"widget\" data-widget_type=\"heading.default\">\n\t\t\t\t\t<h4 class=\"elementor-heading-title elementor-size-default\">Vocabulary Audio<\/h4>\t\t\t\t<\/div>\n\t\t\t\t<div class=\"elementor-element elementor-element-7bca862 elementor-widget elementor-widget-text-editor\" data-id=\"7bca862\" data-element_type=\"widget\" data-e-type=\"widget\" data-widget_type=\"text-editor.default\">\n\t\t\t\t\t\t\t\t\t<p>Listen to the full lesson at a natural pace.<\/p>\t\t\t\t\t\t\t\t<\/div>\n\t\t\t\t<div class=\"elementor-element elementor-element-5aef023 elementor-widget elementor-widget-html\" data-id=\"5aef023\" data-element_type=\"widget\" data-e-type=\"widget\" data-widget_type=\"html.default\">\n\t\t\t\t\t<audio controls preload=\"none\" style=\"width: 100%;\">\n  <source src=\"https:\/\/www.digitalnutrients.com\/wp-content\/uploads\/2026\/04\/ElevenLabs_portuguese-b2-lesson-01-vocab.mp3\" type=\"audio\/mpeg\">\n  Your browser does not support the audio element.\n<\/audio>\t\t\t\t<\/div>\n\t\t\t\t<\/div>\n\t\t<div data-particle_enable=\"false\" data-particle-mobile-disabled=\"false\" class=\"elementor-element elementor-element-dcee701 e-con-full e-flex e-con e-child\" data-id=\"dcee701\" data-element_type=\"container\" data-e-type=\"container\" data-settings=\"{&quot;background_background&quot;:&quot;classic&quot;}\">\n\t\t\t\t<div class=\"elementor-element elementor-element-d333a6b elementor-widget elementor-widget-heading\" data-id=\"d333a6b\" data-element_type=\"widget\" data-e-type=\"widget\" data-widget_type=\"heading.default\">\n\t\t\t\t\t<h4 class=\"elementor-heading-title elementor-size-default\">Dialogue Audio<\/h4>\t\t\t\t<\/div>\n\t\t\t\t<div class=\"elementor-element elementor-element-3e7ce29 elementor-widget elementor-widget-text-editor\" data-id=\"3e7ce29\" data-element_type=\"widget\" data-e-type=\"widget\" data-widget_type=\"text-editor.default\">\n\t\t\t\t\t\t\t\t\t<p>Listen to the full lesson at a natural pace.<\/p>\t\t\t\t\t\t\t\t<\/div>\n\t\t\t\t<div class=\"elementor-element elementor-element-7f6c71d elementor-widget elementor-widget-html\" data-id=\"7f6c71d\" data-element_type=\"widget\" data-e-type=\"widget\" data-widget_type=\"html.default\">\n\t\t\t\t\t<audio controls preload=\"none\" style=\"width: 100%;\">\n  <source src=\"https:\/\/www.digitalnutrients.com\/wp-content\/uploads\/2026\/04\/ElevenLabs_portuguese-b2-lesson-01-dialogue.mp3\" type=\"audio\/mpeg\">\n  Your browser does not support the audio element.\n<\/audio>\t\t\t\t<\/div>\n\t\t\t\t<\/div>\n\t\t\t\t<\/div>\n\t\t<div data-particle_enable=\"false\" data-particle-mobile-disabled=\"false\" class=\"elementor-element elementor-element-39f6afc e-con-full e-flex e-con e-child\" data-id=\"39f6afc\" data-element_type=\"container\" data-e-type=\"container\">\n\t\t\t\t<div class=\"elementor-element elementor-element-96cb66b elementor-widget elementor-widget-heading\" data-id=\"96cb66b\" data-element_type=\"widget\" data-e-type=\"widget\" data-widget_type=\"heading.default\">\n\t\t\t\t\t<h2 class=\"elementor-heading-title elementor-size-default\">Vocabul\u00e1rio essencial<\/h2>\t\t\t\t<\/div>\n\t\t\t\t<div class=\"elementor-element elementor-element-09fdd2b elementor-widget elementor-widget-text-editor\" data-id=\"09fdd2b\" data-element_type=\"widget\" data-e-type=\"widget\" data-widget_type=\"text-editor.default\">\n\t\t\t\t\t\t\t\t\t<p>Practice these words slowly first, then say them again at a more natural speed.<\/p>\t\t\t\t\t\t\t\t<\/div>\n\t\t<div data-particle_enable=\"false\" data-particle-mobile-disabled=\"false\" class=\"elementor-element elementor-element-21b5fb3 e-con-full e-flex e-con e-child\" data-id=\"21b5fb3\" data-element_type=\"container\" data-e-type=\"container\">\n\t\t\t\t<div class=\"elementor-element elementor-element-1b52027 elementor-widget elementor-widget-text-editor\" data-id=\"1b52027\" data-element_type=\"widget\" data-e-type=\"widget\" data-widget_type=\"text-editor.default\">\n\t\t\t\t\t\t\t\t\t<p>Introduction<\/p><p>Welcome to English for Portuguese Speakers.<br \/>In this lesson, you will learn Meetings, Opinions, and Problem Solving.<\/p><p>Core Phrases<\/p><p>I think we should review the plan again.<br \/>In my opinion, this option is more practical.<br \/>We need to solve this problem before Friday.<br \/>Let\u2019s look at the risks and possible solutions.<br \/>I agree, but we should also consider the budget.<\/p><p>Support<\/p><p>I think we should review the plan again. means Acho que dever\u00edamos revisar o plano novamente.<br \/>In my opinion, this option is more practical. means Na minha opini\u00e3o, esta op\u00e7\u00e3o \u00e9 mais pr\u00e1tica.<br \/>We need to solve this problem before Friday. means Precisamos resolver este problema antes de sexta-feira.<br \/>Let\u2019s look at the risks and possible solutions. means Vamos analisar os riscos e as solu\u00e7\u00f5es poss\u00edveis.<br \/>I agree, but we should also consider the budget. means Eu concordo, mas tamb\u00e9m devemos considerar o or\u00e7amento.<\/p><p>Dialogue<\/p><p>What do you think is causing the delay?<br \/>In my opinion, the main issue is communication between the teams.<br \/>I agree. We should clarify responsibilities before the next meeting.<\/p><p>Practice Tip<\/p><p>Listen to the audio and repeat the phrases several times.&#8221;<\/p>\t\t\t\t\t\t\t\t<\/div>\n\t\t\t\t<\/div>\n\t\t\t\t<\/div>\n\t\t\t\t\t<\/div>\n\t\t\t\t<\/div>\n\t\t<div data-particle_enable=\"false\" data-particle-mobile-disabled=\"false\" class=\"elementor-element elementor-element-09fe164 e-flex e-con-boxed e-con e-parent\" data-id=\"09fe164\" data-element_type=\"container\" data-e-type=\"container\">\n\t\t\t\t\t<div class=\"e-con-inner\">\n\t\t\t\t<div class=\"elementor-element elementor-element-07fe598 elementor-widget elementor-widget-heading\" data-id=\"07fe598\" data-element_type=\"widget\" data-e-type=\"widget\" data-widget_type=\"heading.default\">\n\t\t\t\t\t<h2 class=\"elementor-heading-title elementor-size-default\">Etapas pr\u00e1ticas<\/h2>\t\t\t\t<\/div>\n\t\t\t\t<div class=\"elementor-element elementor-element-0eec078 elementor-widget elementor-widget-text-editor\" data-id=\"0eec078\" data-element_type=\"widget\" data-e-type=\"widget\" data-widget_type=\"text-editor.default\">\n\t\t\t\t\t\t\t\t\t<ol><li data-section-id=\"ycahs9\" data-start=\"8954\" data-end=\"8996\">Watch the video once without pausing.<\/li><li data-section-id=\"1pyvim0\" data-start=\"8997\" data-end=\"9054\">Listen to the audio and repeat each phrase out loud.<\/li><li data-section-id=\"snjy7g\" data-start=\"9055\" data-end=\"9091\">Practice the vocabulary slowly.<\/li><li data-section-id=\"1xsigv7\" data-start=\"9092\" data-end=\"9144\">Record yourself and compare your pronunciation.<\/li><li data-section-id=\"11w3ic4\" data-start=\"9145\" data-end=\"9182\">Repeat again with more confidence.<\/li><\/ol>\t\t\t\t\t\t\t\t<\/div>\n\t\t\t\t\t<\/div>\n\t\t\t\t<\/div>\n\t\t<div data-particle_enable=\"false\" data-particle-mobile-disabled=\"false\" class=\"elementor-element elementor-element-6de9be6 e-flex e-con-boxed e-con e-parent\" data-id=\"6de9be6\" data-element_type=\"container\" data-e-type=\"container\">\n\t\t\t\t\t<div class=\"e-con-inner\">\n\t\t\t\t\t<\/div>\n\t\t\t\t<\/div>\n\t\t\t\t<\/div>","protected":false},"excerpt":{"rendered":"<p>B2 English for Portuguese Speakers Learn step by step with intermediate-friendly English lessons, clear audio practice, and Arabic support to help you feel more confident. Level: B2 Focus: Speaking, Listening, Vocabulary Best for: Intermediate Level Start the Lesson What You Will Learn at This Level At the B2 level, you will build stronger fluency and [&hellip;]<\/p>\n","protected":false},"author":1,"featured_media":0,"parent":2085,"menu_order":0,"comment_status":"closed","ping_status":"closed","template":"elementor_header_footer","meta":{"ocean_post_layout":"","ocean_both_sidebars_style":"","ocean_both_sidebars_content_width":0,"ocean_both_sidebars_sidebars_width":0,"ocean_sidebar":"","ocean_second_sidebar":"","ocean_disable_margins":"enable","ocean_add_body_class":"","ocean_shortcode_before_top_bar":"","ocean_shortcode_after_top_bar":"","ocean_shortcode_before_header":"","ocean_shortcode_after_header":"","ocean_has_shortcode":"","ocean_shortcode_after_title":"","ocean_shortcode_before_footer_widgets":"","ocean_shortcode_after_footer_widgets":"","ocean_shortcode_before_footer_bottom":"","ocean_shortcode_after_footer_bottom":"","ocean_display_top_bar":"default","ocean_display_header":"default","ocean_header_style":"","ocean_center_header_left_menu":"","ocean_custom_header_template":"","ocean_custom_logo":0,"ocean_custom_retina_logo":0,"ocean_custom_logo_max_width":0,"ocean_custom_logo_tablet_max_width":0,"ocean_custom_logo_mobile_max_width":0,"ocean_custom_logo_max_height":0,"ocean_custom_logo_tablet_max_height":0,"ocean_custom_logo_mobile_max_height":0,"ocean_header_custom_menu":"","ocean_menu_typo_font_family":"","ocean_menu_typo_font_subset":"","ocean_menu_typo_font_size":0,"ocean_menu_typo_font_size_tablet":0,"ocean_menu_typo_font_size_mobile":0,"ocean_menu_typo_font_size_unit":"px","ocean_menu_typo_font_weight":"","ocean_menu_typo_font_weight_tablet":"","ocean_menu_typo_font_weight_mobile":"","ocean_menu_typo_transform":"","ocean_menu_typo_transform_tablet":"","ocean_menu_typo_transform_mobile":"","ocean_menu_typo_line_height":0,"ocean_menu_typo_line_height_tablet":0,"ocean_menu_typo_line_height_mobile":0,"ocean_menu_typo_line_height_unit":"","ocean_menu_typo_spacing":0,"ocean_menu_typo_spacing_tablet":0,"ocean_menu_typo_spacing_mobile":0,"ocean_menu_typo_spacing_unit":"","ocean_menu_link_color":"","ocean_menu_link_color_hover":"","ocean_menu_link_color_active":"","ocean_menu_link_background":"","ocean_menu_link_hover_background":"","ocean_menu_link_active_background":"","ocean_menu_social_links_bg":"","ocean_menu_social_hover_links_bg":"","ocean_menu_social_links_color":"","ocean_menu_social_hover_links_color":"","ocean_disable_title":"default","ocean_disable_heading":"default","ocean_post_title":"","ocean_post_subheading":"","ocean_post_title_style":"","ocean_post_title_background_color":"","ocean_post_title_background":0,"ocean_post_title_bg_image_position":"","ocean_post_title_bg_image_attachment":"","ocean_post_title_bg_image_repeat":"","ocean_post_title_bg_image_size":"","ocean_post_title_height":0,"ocean_post_title_bg_overlay":0.5,"ocean_post_title_bg_overlay_color":"","ocean_disable_breadcrumbs":"default","ocean_breadcrumbs_color":"","ocean_breadcrumbs_separator_color":"","ocean_breadcrumbs_links_color":"","ocean_breadcrumbs_links_hover_color":"","ocean_display_footer_widgets":"default","ocean_display_footer_bottom":"default","ocean_custom_footer_template":"","omw_enable_modal_window":"enable","footnotes":""},"class_list":["post-2718","page","type-page","status-publish","hentry","entry","owp-thumbs-layout-horizontal","owp-btn-big","owp-tabs-layout-vertical","has-no-thumbnails","has-product-nav"],"_links":{"self":[{"href":"https:\/\/www.digitalnutrients.com\/pt\/wp-json\/wp\/v2\/pages\/2718","targetHints":{"allow":["GET"]}}],"collection":[{"href":"https:\/\/www.digitalnutrients.com\/pt\/wp-json\/wp\/v2\/pages"}],"about":[{"href":"https:\/\/www.digitalnutrients.com\/pt\/wp-json\/wp\/v2\/types\/page"}],"author":[{"embeddable":true,"href":"https:\/\/www.digitalnutrients.com\/pt\/wp-json\/wp\/v2\/users\/1"}],"replies":[{"embeddable":true,"href":"https:\/\/www.digitalnutrients.com\/pt\/wp-json\/wp\/v2\/comments?post=2718"}],"version-history":[{"count":7,"href":"https:\/\/www.digitalnutrients.com\/pt\/wp-json\/wp\/v2\/pages\/2718\/revisions"}],"predecessor-version":[{"id":2875,"href":"https:\/\/www.digitalnutrients.com\/pt\/wp-json\/wp\/v2\/pages\/2718\/revisions\/2875"}],"up":[{"embeddable":true,"href":"https:\/\/www.digitalnutrients.com\/pt\/wp-json\/wp\/v2\/pages\/2085"}],"wp:attachment":[{"href":"https:\/\/www.digitalnutrients.com\/pt\/wp-json\/wp\/v2\/media?parent=2718"}],"curies":[{"name":"wp","href":"https:\/\/api.w.org\/{rel}","templated":true}]}}